{"id":230,"date":"2016-10-02T17:16:59","date_gmt":"2016-10-02T15:16:59","guid":{"rendered":"http:\/\/consulting-metz.com\/?page_id=230"},"modified":"2019-01-28T13:26:01","modified_gmt":"2019-01-28T12:26:01","slug":"sap-controlling","status":"publish","type":"page","link":"https:\/\/consulting-metz.com\/de\/sap-controlling\/","title":{"rendered":"SAP Controlling"},"content":{"rendered":"<div class=\"wpb-content-wrapper\"><p>[vc_row][vc_column][vc_custom_heading text=&#8220;Meine Vorgehensweise beim&#8220; font_container=&#8220;tag:h6|font_size:18px|text_align:left|color:%23a3a9c8&#8243; use_theme_fonts=&#8220;yes&#8220; css=&#8220;.vc_custom_1548678232070{margin-top: 25px !important;margin-bottom: 0px !important;}&#8220;][vc_custom_heading text=&#8220;SAP Controlling&#8220; font_container=&#8220;tag:h2|font_size:42px|text_align:left|line_height:1.2&#8243; use_theme_fonts=&#8220;yes&#8220;][vc_custom_heading text=&#8220;Ihr Erfolg ist mein Ziel!&#8220; font_container=&#8220;tag:h5|font_size:21px|text_align:left|color:%230f0f10&#8243; use_theme_fonts=&#8220;yes&#8220; css=&#8220;.vc_custom_1548678248413{margin-bottom: 25px !important;}&#8220;][\/vc_column][\/vc_row][vc_row][vc_column][vc_column_text]<\/p>\n<div class=\"paragraph\">\n<div class=\"paragraph\">\n<p>Als Manager eines Unternehmens oder eines Unternehmens-Bereiches, m\u00fcssen Sie Entscheidungen mit gr\u00f6\u00dftm\u00f6glicher Sicherheit treffen. Dabei stehen evtl. F\u00fchrungsaufgaben an, die Bereiche betreffen, die nicht zu den\u00a0Kernkompetenzen geh\u00f6ren. Oder Sie planen Organisations- \/ Innovationsprojekte und w\u00fcnschen sich einen hochwertigen Partner. Hilfreich w\u00e4re es, wenn Sie Ihre Ma\u00dfnahmen und Pl\u00e4ne mit jemandem besprechen k\u00f6nnen, der wie Sie, Unternehmer ist und vergleichbare Aufgaben bereits erfolgreich gel\u00f6st hat. Dann sind Sie bei mir genau richtig!<\/p>\n<\/div>\n<\/div>\n<p>[\/vc_column_text][\/vc_column][\/vc_row][vc_row][vc_column width=&#8220;1\/2&#8243;][vc_column_text]<\/p>\n<div class=\"paragraph\">\n<p>Ich verf\u00fcge \u00fcber ein umfassendes Wissen und langj\u00e4hrige Erfahrung in allen Bereichen des Controllings.\u00a0Gerne unterst\u00fctze ich Sie in den Bereichen:<\/p>\n<ul>\n<li class=\"paragraph\">CO-PA &#8211; Ergebnisrechnung<\/li>\n<li>CO-PC &#8211; Produktkostenrechnung<\/li>\n<li>EC-PCA &#8211; Profit-Center-Rechnung<\/li>\n<li>CO-ML &#8211; Istkalkulation\/Material-Ledger<\/li>\n<li>CO-OM &#8211; Gemeinkostencontrolling<\/li>\n<li>PS &#8211; Projektkostencontrolling<\/li>\n<\/ul>\n<\/div>\n<p>[\/vc_column_text][\/vc_column][vc_column width=&#8220;1\/2&#8243;][vc_single_image image=&#8220;847&#8243; img_size=&#8220;large&#8220;][\/vc_column][\/vc_row][vc_row el_class=&#8220;center-btn&#8220;][vc_column][vc_custom_heading text=&#8220;Dar\u00fcber hinaus kann ich auf einen stattlichen Pool von Spezialisten zur\u00fcckgreifen. Wenn Sie w\u00fcnschen, helfe ich Ihnen auch bei der Realisierung oder f\u00fchre die Projekte in Ihrem Auftrag komplett durch. Ich helfe Ihnen gerne.&#8220; font_container=&#8220;tag:h5|font_size:21px|text_align:left|color:%230f0f10&#8243; use_theme_fonts=&#8220;yes&#8220; css=&#8220;.vc_custom_1548678348630{margin-bottom: 25px !important;}&#8220;][vc_custom_heading text=&#8220;Sprechen Sie mich an!&#8220; font_container=&#8220;tag:h5|font_size:21px|text_align:center|color:%230f0f10&#8243; use_theme_fonts=&#8220;yes&#8220; css=&#8220;.vc_custom_1548678355062{margin-bottom: 25px !important;}&#8220; link=&#8220;url:http%3A%2F%2Fconsulting-metz.com%2Fde%2Fkontakt%2F|||&#8220;][vc_btn title=&#8220;Kontakt&#8220; style=&#8220;outline-custom&#8220; outline_custom_color=&#8220;#46b7e4&#8243; outline_custom_hover_background=&#8220;#46b7e4&#8243; outline_custom_hover_text=&#8220;#ffffff&#8220; size=&#8220;lg&#8220; link=&#8220;url:http%3A%2F%2Fconsulting-metz.com%2Fde%2Fkontakt%2F|||&#8220;][\/vc_column][\/vc_row]<\/p>\n<\/div>","protected":false},"excerpt":{"rendered":"<p>[vc_row][vc_column][vc_custom_heading text=&#8220;Meine Vorgehensweise beim&#8220; font_container=&#8220;tag:h6|font_size:18px|text_align:left|color:%23a3a9c8&#8243; use_theme_fonts=&#8220;yes&#8220; css=&#8220;.vc_custom_1548678232070{margin-top: 25px !important;margin-bottom: 0px !important;}&#8220;][vc_custom_heading text=&#8220;SAP Controlling&#8220; font_container=&#8220;tag:h2|font_size:42px|text_align:left|line_height:1.2&#8243; use_theme_fonts=&#8220;yes&#8220;][vc_custom_heading text=&#8220;Ihr Erfolg ist mein Ziel!&#8220; font_container=&#8220;tag:h5|font_size:21px|text_align:left|color:%230f0f10&#8243; use_theme_fonts=&#8220;yes&#8220; css=&#8220;.vc_custom_1548678248413{margin-bottom: 25px !important;}&#8220;][\/vc_column][\/vc_row][vc_row][vc_column][vc_column_text] Als Manager eines Unternehmens oder eines Unternehmens-Bereiches, m\u00fcssen Sie Entscheidungen mit gr\u00f6\u00dftm\u00f6glicher Sicherheit treffen. Dabei stehen evtl. F\u00fchrungsaufgaben an, die Bereiche betreffen, die nicht zu den\u00a0Kernkompetenzen geh\u00f6ren. Oder Sie planen [&hellip;]<\/p>\n","protected":false},"author":1,"featured_media":0,"parent":0,"menu_order":0,"comment_status":"closed","ping_status":"closed","template":"","meta":{"footnotes":""},"class_list":["post-230","page","type-page","status-publish","hentry"],"yoast_head":"<!-- This site is optimized with the Yoast SEO plugin v27.4 - https:\/\/yoast.com\/product\/yoast-seo-wordpress\/ -->\n<title>SAP Controlling - Unternehmensberatung Metz<\/title>\n<meta name=\"robots\" content=\"index, follow, max-snippet:-1, max-image-preview:large, max-video-preview:-1\" \/>\n<link rel=\"canonical\" href=\"https:\/\/consulting-metz.com\/de\/sap-controlling\/\" \/>\n<meta property=\"og:locale\" content=\"de_DE\" \/>\n<meta property=\"og:type\" content=\"article\" \/>\n<meta property=\"og:title\" content=\"SAP Controlling - Unternehmensberatung Metz\" \/>\n<meta property=\"og:description\" content=\"[vc_row][vc_column][vc_custom_heading text=&#8220;Meine Vorgehensweise beim&#8220; font_container=&#8220;tag:h6|font_size:18px|text_align:left|color:%23a3a9c8&#8243; use_theme_fonts=&#8220;yes&#8220; css=&#8220;.vc_custom_1548678232070{margin-top: 25px !important;margin-bottom: 0px !important;}&#8220;][vc_custom_heading text=&#8220;SAP Controlling&#8220; font_container=&#8220;tag:h2|font_size:42px|text_align:left|line_height:1.2&#8243; use_theme_fonts=&#8220;yes&#8220;][vc_custom_heading text=&#8220;Ihr Erfolg ist mein Ziel!&#8220; font_container=&#8220;tag:h5|font_size:21px|text_align:left|color:%230f0f10&#8243; use_theme_fonts=&#8220;yes&#8220; css=&#8220;.vc_custom_1548678248413{margin-bottom: 25px !important;}&#8220;][\/vc_column][\/vc_row][vc_row][vc_column][vc_column_text] Als Manager eines Unternehmens oder eines Unternehmens-Bereiches, m\u00fcssen Sie Entscheidungen mit gr\u00f6\u00dftm\u00f6glicher Sicherheit treffen. Dabei stehen evtl. F\u00fchrungsaufgaben an, die Bereiche betreffen, die nicht zu den\u00a0Kernkompetenzen geh\u00f6ren. Oder Sie planen [&hellip;]\" \/>\n<meta property=\"og:url\" content=\"https:\/\/consulting-metz.com\/de\/sap-controlling\/\" \/>\n<meta property=\"og:site_name\" content=\"Unternehmensberatung Metz\" \/>\n<meta property=\"article:modified_time\" content=\"2019-01-28T12:26:01+00:00\" \/>\n<meta name=\"twitter:card\" content=\"summary_large_image\" \/>\n<meta name=\"twitter:label1\" content=\"Gesch\u00e4tzte Lesezeit\" \/>\n\t<meta name=\"twitter:data1\" content=\"2\u00a0Minuten\" \/>\n<script type=\"application\/ld+json\" class=\"yoast-schema-graph\">{\"@context\":\"https:\\\/\\\/schema.org\",\"@graph\":[{\"@type\":\"WebPage\",\"@id\":\"https:\\\/\\\/consulting-metz.com\\\/de\\\/sap-controlling\\\/\",\"url\":\"https:\\\/\\\/consulting-metz.com\\\/de\\\/sap-controlling\\\/\",\"name\":\"SAP Controlling - Unternehmensberatung Metz\",\"isPartOf\":{\"@id\":\"https:\\\/\\\/consulting-metz.com\\\/de\\\/#website\"},\"datePublished\":\"2016-10-02T15:16:59+00:00\",\"dateModified\":\"2019-01-28T12:26:01+00:00\",\"breadcrumb\":{\"@id\":\"https:\\\/\\\/consulting-metz.com\\\/de\\\/sap-controlling\\\/#breadcrumb\"},\"inLanguage\":\"de\",\"potentialAction\":[{\"@type\":\"ReadAction\",\"target\":[\"https:\\\/\\\/consulting-metz.com\\\/de\\\/sap-controlling\\\/\"]}]},{\"@type\":\"BreadcrumbList\",\"@id\":\"https:\\\/\\\/consulting-metz.com\\\/de\\\/sap-controlling\\\/#breadcrumb\",\"itemListElement\":[{\"@type\":\"ListItem\",\"position\":1,\"name\":\"Home\",\"item\":\"https:\\\/\\\/consulting-metz.com\\\/de\\\/\"},{\"@type\":\"ListItem\",\"position\":2,\"name\":\"SAP Controlling\"}]},{\"@type\":\"WebSite\",\"@id\":\"https:\\\/\\\/consulting-metz.com\\\/de\\\/#website\",\"url\":\"https:\\\/\\\/consulting-metz.com\\\/de\\\/\",\"name\":\"Unternehmensberatung Metz\",\"description\":\"Ihre SAP Beratung\",\"publisher\":{\"@id\":\"https:\\\/\\\/consulting-metz.com\\\/de\\\/#organization\"},\"potentialAction\":[{\"@type\":\"SearchAction\",\"target\":{\"@type\":\"EntryPoint\",\"urlTemplate\":\"https:\\\/\\\/consulting-metz.com\\\/de\\\/?s={search_term_string}\"},\"query-input\":{\"@type\":\"PropertyValueSpecification\",\"valueRequired\":true,\"valueName\":\"search_term_string\"}}],\"inLanguage\":\"de\"},{\"@type\":\"Organization\",\"@id\":\"https:\\\/\\\/consulting-metz.com\\\/de\\\/#organization\",\"name\":\"Unternehmensberatung Metz\",\"url\":\"https:\\\/\\\/consulting-metz.com\\\/de\\\/\",\"logo\":{\"@type\":\"ImageObject\",\"inLanguage\":\"de\",\"@id\":\"https:\\\/\\\/consulting-metz.com\\\/de\\\/#\\\/schema\\\/logo\\\/image\\\/\",\"url\":\"https:\\\/\\\/consulting-metz.com\\\/wp-content\\\/uploads\\\/2017\\\/01\\\/Counsulting-SemiBold-Gradient-128.png\",\"contentUrl\":\"https:\\\/\\\/consulting-metz.com\\\/wp-content\\\/uploads\\\/2017\\\/01\\\/Counsulting-SemiBold-Gradient-128.png\",\"width\":3333,\"height\":2083,\"caption\":\"Unternehmensberatung Metz\"},\"image\":{\"@id\":\"https:\\\/\\\/consulting-metz.com\\\/de\\\/#\\\/schema\\\/logo\\\/image\\\/\"},\"sameAs\":[\"https:\\\/\\\/www.linkedin.com\\\/in\\\/dieter-metz-660667130\"]}]}<\/script>\n<!-- \/ Yoast SEO plugin. -->","yoast_head_json":{"title":"SAP Controlling - Unternehmensberatung Metz","robots":{"index":"index","follow":"follow","max-snippet":"max-snippet:-1","max-image-preview":"max-image-preview:large","max-video-preview":"max-video-preview:-1"},"canonical":"https:\/\/consulting-metz.com\/de\/sap-controlling\/","og_locale":"de_DE","og_type":"article","og_title":"SAP Controlling - Unternehmensberatung Metz","og_description":"[vc_row][vc_column][vc_custom_heading text=&#8220;Meine Vorgehensweise beim&#8220; font_container=&#8220;tag:h6|font_size:18px|text_align:left|color:%23a3a9c8&#8243; use_theme_fonts=&#8220;yes&#8220; css=&#8220;.vc_custom_1548678232070{margin-top: 25px !important;margin-bottom: 0px !important;}&#8220;][vc_custom_heading text=&#8220;SAP Controlling&#8220; font_container=&#8220;tag:h2|font_size:42px|text_align:left|line_height:1.2&#8243; use_theme_fonts=&#8220;yes&#8220;][vc_custom_heading text=&#8220;Ihr Erfolg ist mein Ziel!&#8220; font_container=&#8220;tag:h5|font_size:21px|text_align:left|color:%230f0f10&#8243; use_theme_fonts=&#8220;yes&#8220; css=&#8220;.vc_custom_1548678248413{margin-bottom: 25px !important;}&#8220;][\/vc_column][\/vc_row][vc_row][vc_column][vc_column_text] Als Manager eines Unternehmens oder eines Unternehmens-Bereiches, m\u00fcssen Sie Entscheidungen mit gr\u00f6\u00dftm\u00f6glicher Sicherheit treffen. Dabei stehen evtl. F\u00fchrungsaufgaben an, die Bereiche betreffen, die nicht zu den\u00a0Kernkompetenzen geh\u00f6ren. Oder Sie planen [&hellip;]","og_url":"https:\/\/consulting-metz.com\/de\/sap-controlling\/","og_site_name":"Unternehmensberatung Metz","article_modified_time":"2019-01-28T12:26:01+00:00","twitter_card":"summary_large_image","twitter_misc":{"Gesch\u00e4tzte Lesezeit":"2\u00a0Minuten"},"schema":{"@context":"https:\/\/schema.org","@graph":[{"@type":"WebPage","@id":"https:\/\/consulting-metz.com\/de\/sap-controlling\/","url":"https:\/\/consulting-metz.com\/de\/sap-controlling\/","name":"SAP Controlling - Unternehmensberatung Metz","isPartOf":{"@id":"https:\/\/consulting-metz.com\/de\/#website"},"datePublished":"2016-10-02T15:16:59+00:00","dateModified":"2019-01-28T12:26:01+00:00","breadcrumb":{"@id":"https:\/\/consulting-metz.com\/de\/sap-controlling\/#breadcrumb"},"inLanguage":"de","potentialAction":[{"@type":"ReadAction","target":["https:\/\/consulting-metz.com\/de\/sap-controlling\/"]}]},{"@type":"BreadcrumbList","@id":"https:\/\/consulting-metz.com\/de\/sap-controlling\/#breadcrumb","itemListElement":[{"@type":"ListItem","position":1,"name":"Home","item":"https:\/\/consulting-metz.com\/de\/"},{"@type":"ListItem","position":2,"name":"SAP Controlling"}]},{"@type":"WebSite","@id":"https:\/\/consulting-metz.com\/de\/#website","url":"https:\/\/consulting-metz.com\/de\/","name":"Unternehmensberatung Metz","description":"Ihre SAP Beratung","publisher":{"@id":"https:\/\/consulting-metz.com\/de\/#organization"},"potentialAction":[{"@type":"SearchAction","target":{"@type":"EntryPoint","urlTemplate":"https:\/\/consulting-metz.com\/de\/?s={search_term_string}"},"query-input":{"@type":"PropertyValueSpecification","valueRequired":true,"valueName":"search_term_string"}}],"inLanguage":"de"},{"@type":"Organization","@id":"https:\/\/consulting-metz.com\/de\/#organization","name":"Unternehmensberatung Metz","url":"https:\/\/consulting-metz.com\/de\/","logo":{"@type":"ImageObject","inLanguage":"de","@id":"https:\/\/consulting-metz.com\/de\/#\/schema\/logo\/image\/","url":"https:\/\/consulting-metz.com\/wp-content\/uploads\/2017\/01\/Counsulting-SemiBold-Gradient-128.png","contentUrl":"https:\/\/consulting-metz.com\/wp-content\/uploads\/2017\/01\/Counsulting-SemiBold-Gradient-128.png","width":3333,"height":2083,"caption":"Unternehmensberatung Metz"},"image":{"@id":"https:\/\/consulting-metz.com\/de\/#\/schema\/logo\/image\/"},"sameAs":["https:\/\/www.linkedin.com\/in\/dieter-metz-660667130"]}]}},"_links":{"self":[{"href":"https:\/\/consulting-metz.com\/de\/wp-json\/wp\/v2\/pages\/230","targetHints":{"allow":["GET"]}}],"collection":[{"href":"https:\/\/consulting-metz.com\/de\/wp-json\/wp\/v2\/pages"}],"about":[{"href":"https:\/\/consulting-metz.com\/de\/wp-json\/wp\/v2\/types\/page"}],"author":[{"embeddable":true,"href":"https:\/\/consulting-metz.com\/de\/wp-json\/wp\/v2\/users\/1"}],"replies":[{"embeddable":true,"href":"https:\/\/consulting-metz.com\/de\/wp-json\/wp\/v2\/comments?post=230"}],"version-history":[{"count":21,"href":"https:\/\/consulting-metz.com\/de\/wp-json\/wp\/v2\/pages\/230\/revisions"}],"predecessor-version":[{"id":1331,"href":"https:\/\/consulting-metz.com\/de\/wp-json\/wp\/v2\/pages\/230\/revisions\/1331"}],"wp:attachment":[{"href":"https:\/\/consulting-metz.com\/de\/wp-json\/wp\/v2\/media?parent=230"}],"curies":[{"name":"wp","href":"https:\/\/api.w.org\/{rel}","templated":true}]}}