{"id":237,"date":"2016-10-02T17:26:19","date_gmt":"2016-10-02T15:26:19","guid":{"rendered":"http:\/\/consulting-metz.com\/?page_id=237"},"modified":"2019-01-28T13:22:20","modified_gmt":"2019-01-28T12:22:20","slug":"projektmanagement","status":"publish","type":"page","link":"https:\/\/consulting-metz.com\/de\/projektmanagement\/","title":{"rendered":"Projektmanagement"},"content":{"rendered":"<div class=\"wpb-content-wrapper\"><p>[vc_row][vc_column][vc_custom_heading text=&#8220;Meine Vorgehensweise beim&#8220; font_container=&#8220;tag:h6|font_size:18px|text_align:left|color:%23a3a9c8&#8243; use_theme_fonts=&#8220;yes&#8220; css=&#8220;.vc_custom_1548677879245{margin-top: 25px !important;margin-bottom: 0px !important;}&#8220;][vc_custom_heading text=&#8220;Projektmanagement&#8220; font_container=&#8220;tag:h2|font_size:42px|text_align:left|line_height:1.2&#8243; use_theme_fonts=&#8220;yes&#8220;][vc_custom_heading text=&#8220;Ihr kompetenter Partner&#8220; font_container=&#8220;tag:h5|font_size:21px|text_align:left|color:%230f0f10&#8243; use_theme_fonts=&#8220;yes&#8220; css=&#8220;.vc_custom_1475421988110{margin-bottom: 25px !important;}&#8220;][vc_column_text]<\/p>\n<div class=\"paragraph\">\n<div class=\"paragraph\">\n<div class=\"paragraph\">\n<p>Gescheiterte oder aufgegebene Projekte haben fatale Folgen f\u00fcr ein Unternehmen. Nicht nur die eingesetzten Mittel sind verloren, auch die Kunden und Mitarbeiter verlieren den Glauben an die Leistungsf\u00e4higkeit des Unternehmens und es entstehen Zweifel an der Unternehmensf\u00fchrung und geringe Motivation. Folglich leidet die Unternehmensentwicklung.<\/p>\n<p>Neben einer mangelhaften Projektplanung, liegen die Hauptgr\u00fcnde f\u00fcr das Scheitern ganzer Projekte und Vorhaben, in einem fehlenden oder unzul\u00e4nglichen Projektmanagement. Als Unternehmer sind sie jedoch auf den Erfolg bzw. erfolgreiche Projekte angewiesen. Daf\u00fcr ben\u00f6tigen Sie geeignete Projektmanager. So werden Ihre Projekte effizient und in angemessen kurzer Zeit durchgef\u00fchrt. Ihre Ziele werden in der geplanten Zeit, mit den geplanten Mitteln und mit den geplanten Ergebnissen erreicht. Das f\u00fchrt zu erfolgreichen und motivierten Mitarbeitern und Ihr Management findet Best\u00e4tigung.<\/p>\n<\/div>\n<\/div>\n<\/div>\n<p>[\/vc_column_text][\/vc_column][\/vc_row][vc_row][vc_column width=&#8220;1\/2&#8243;][vc_custom_heading text=&#8220;Bei mir sind Sie in guten H\u00e4nden!&#8220; font_container=&#8220;tag:h5|font_size:21px|text_align:left|color:%230f0f10&#8243; use_theme_fonts=&#8220;yes&#8220; css=&#8220;.vc_custom_1548678132267{margin-bottom: 25px !important;}&#8220;][vc_column_text]<\/p>\n<div class=\"paragraph\">\n<div class=\"paragraph\">\n<div class=\"paragraph\">\n<p>Ich stehe Ihnen als kompetenter Partner mit Rat und Tat zur Seite und realisiere f\u00fcr Sie und mit Ihnen:<\/p>\n<\/div>\n<div class=\"paragraph\">\n<ul>\n<li>ERP-Einf\u00fchrungsprojekte<\/li>\n<li>SAP Rollout-Projekte (In- und Ausland)<\/li>\n<li>Vorprojekt (Projektplanungsprojekte)<\/li>\n<li>IT \/ DV-Integrationsprojekte<\/li>\n<li>Entwicklungsprojekte<\/li>\n<li>Projekte im Non-SAP-Bereich<\/li>\n<\/ul>\n<\/div>\n<\/div>\n<\/div>\n<p>[\/vc_column_text][\/vc_column][vc_column width=&#8220;1\/2&#8243;][vc_single_image image=&#8220;851&#8243; img_size=&#8220;large&#8220;][\/vc_column][\/vc_row][vc_row el_class=&#8220;center-btn&#8220;][vc_column][vc_custom_heading text=&#8220;Sprechen Sie mich an!&#8220; font_container=&#8220;tag:h5|font_size:21px|text_align:center|color:%230f0f10&#8243; use_theme_fonts=&#8220;yes&#8220; css=&#8220;.vc_custom_1548677917052{margin-bottom: 25px !important;}&#8220; link=&#8220;url:http%3A%2F%2Fconsulting-metz.com%2Fcontact%2F|||&#8220;][vc_btn title=&#8220;Kontakt&#8220; style=&#8220;outline-custom&#8220; outline_custom_color=&#8220;#46b7e4&#8243; outline_custom_hover_background=&#8220;#46b7e4&#8243; outline_custom_hover_text=&#8220;#ffffff&#8220; size=&#8220;lg&#8220; link=&#8220;url:http%3A%2F%2Fconsulting-metz.com%2Fde%2Fkontakt%2F|||&#8220;][\/vc_column][\/vc_row]<\/p>\n<\/div>","protected":false},"excerpt":{"rendered":"<p>[vc_row][vc_column][vc_custom_heading text=&#8220;Meine Vorgehensweise beim&#8220; font_container=&#8220;tag:h6|font_size:18px|text_align:left|color:%23a3a9c8&#8243; use_theme_fonts=&#8220;yes&#8220; css=&#8220;.vc_custom_1548677879245{margin-top: 25px !important;margin-bottom: 0px !important;}&#8220;][vc_custom_heading text=&#8220;Projektmanagement&#8220; font_container=&#8220;tag:h2|font_size:42px|text_align:left|line_height:1.2&#8243; use_theme_fonts=&#8220;yes&#8220;][vc_custom_heading text=&#8220;Ihr kompetenter Partner&#8220; font_container=&#8220;tag:h5|font_size:21px|text_align:left|color:%230f0f10&#8243; use_theme_fonts=&#8220;yes&#8220; css=&#8220;.vc_custom_1475421988110{margin-bottom: 25px !important;}&#8220;][vc_column_text] Gescheiterte oder aufgegebene Projekte haben fatale Folgen f\u00fcr ein Unternehmen. Nicht nur die eingesetzten Mittel sind verloren, auch die Kunden und Mitarbeiter verlieren den Glauben an die Leistungsf\u00e4higkeit des Unternehmens und es entstehen [&hellip;]<\/p>\n","protected":false},"author":1,"featured_media":0,"parent":0,"menu_order":0,"comment_status":"closed","ping_status":"closed","template":"","meta":{"footnotes":""},"class_list":["post-237","page","type-page","status-publish","hentry"],"yoast_head":"<!-- This site is optimized with the Yoast SEO plugin v27.5 - https:\/\/yoast.com\/product\/yoast-seo-wordpress\/ -->\n<title>Projektmanagement - Unternehmensberatung Metz<\/title>\n<meta name=\"robots\" content=\"index, follow, max-snippet:-1, max-image-preview:large, max-video-preview:-1\" \/>\n<link rel=\"canonical\" href=\"https:\/\/consulting-metz.com\/de\/projektmanagement\/\" \/>\n<meta property=\"og:locale\" content=\"de_DE\" \/>\n<meta property=\"og:type\" content=\"article\" \/>\n<meta property=\"og:title\" content=\"Projektmanagement - Unternehmensberatung Metz\" \/>\n<meta property=\"og:description\" content=\"[vc_row][vc_column][vc_custom_heading text=&#8220;Meine Vorgehensweise beim&#8220; font_container=&#8220;tag:h6|font_size:18px|text_align:left|color:%23a3a9c8&#8243; use_theme_fonts=&#8220;yes&#8220; css=&#8220;.vc_custom_1548677879245{margin-top: 25px !important;margin-bottom: 0px !important;}&#8220;][vc_custom_heading text=&#8220;Projektmanagement&#8220; font_container=&#8220;tag:h2|font_size:42px|text_align:left|line_height:1.2&#8243; use_theme_fonts=&#8220;yes&#8220;][vc_custom_heading text=&#8220;Ihr kompetenter Partner&#8220; font_container=&#8220;tag:h5|font_size:21px|text_align:left|color:%230f0f10&#8243; use_theme_fonts=&#8220;yes&#8220; css=&#8220;.vc_custom_1475421988110{margin-bottom: 25px !important;}&#8220;][vc_column_text] Gescheiterte oder aufgegebene Projekte haben fatale Folgen f\u00fcr ein Unternehmen. Nicht nur die eingesetzten Mittel sind verloren, auch die Kunden und Mitarbeiter verlieren den Glauben an die Leistungsf\u00e4higkeit des Unternehmens und es entstehen [&hellip;]\" \/>\n<meta property=\"og:url\" content=\"https:\/\/consulting-metz.com\/de\/projektmanagement\/\" \/>\n<meta property=\"og:site_name\" content=\"Unternehmensberatung Metz\" \/>\n<meta property=\"article:modified_time\" content=\"2019-01-28T12:22:20+00:00\" \/>\n<meta name=\"twitter:card\" content=\"summary_large_image\" \/>\n<meta name=\"twitter:label1\" content=\"Gesch\u00e4tzte Lesezeit\" \/>\n\t<meta name=\"twitter:data1\" content=\"2\u00a0Minuten\" \/>\n<script type=\"application\/ld+json\" class=\"yoast-schema-graph\">{\"@context\":\"https:\\\/\\\/schema.org\",\"@graph\":[{\"@type\":\"WebPage\",\"@id\":\"https:\\\/\\\/consulting-metz.com\\\/de\\\/projektmanagement\\\/\",\"url\":\"https:\\\/\\\/consulting-metz.com\\\/de\\\/projektmanagement\\\/\",\"name\":\"Projektmanagement - Unternehmensberatung Metz\",\"isPartOf\":{\"@id\":\"https:\\\/\\\/consulting-metz.com\\\/de\\\/#website\"},\"datePublished\":\"2016-10-02T15:26:19+00:00\",\"dateModified\":\"2019-01-28T12:22:20+00:00\",\"breadcrumb\":{\"@id\":\"https:\\\/\\\/consulting-metz.com\\\/de\\\/projektmanagement\\\/#breadcrumb\"},\"inLanguage\":\"de\",\"potentialAction\":[{\"@type\":\"ReadAction\",\"target\":[\"https:\\\/\\\/consulting-metz.com\\\/de\\\/projektmanagement\\\/\"]}]},{\"@type\":\"BreadcrumbList\",\"@id\":\"https:\\\/\\\/consulting-metz.com\\\/de\\\/projektmanagement\\\/#breadcrumb\",\"itemListElement\":[{\"@type\":\"ListItem\",\"position\":1,\"name\":\"Home\",\"item\":\"https:\\\/\\\/consulting-metz.com\\\/de\\\/\"},{\"@type\":\"ListItem\",\"position\":2,\"name\":\"Projektmanagement\"}]},{\"@type\":\"WebSite\",\"@id\":\"https:\\\/\\\/consulting-metz.com\\\/de\\\/#website\",\"url\":\"https:\\\/\\\/consulting-metz.com\\\/de\\\/\",\"name\":\"Unternehmensberatung Metz\",\"description\":\"Ihre SAP Beratung\",\"publisher\":{\"@id\":\"https:\\\/\\\/consulting-metz.com\\\/de\\\/#organization\"},\"potentialAction\":[{\"@type\":\"SearchAction\",\"target\":{\"@type\":\"EntryPoint\",\"urlTemplate\":\"https:\\\/\\\/consulting-metz.com\\\/de\\\/?s={search_term_string}\"},\"query-input\":{\"@type\":\"PropertyValueSpecification\",\"valueRequired\":true,\"valueName\":\"search_term_string\"}}],\"inLanguage\":\"de\"},{\"@type\":\"Organization\",\"@id\":\"https:\\\/\\\/consulting-metz.com\\\/de\\\/#organization\",\"name\":\"Unternehmensberatung Metz\",\"url\":\"https:\\\/\\\/consulting-metz.com\\\/de\\\/\",\"logo\":{\"@type\":\"ImageObject\",\"inLanguage\":\"de\",\"@id\":\"https:\\\/\\\/consulting-metz.com\\\/de\\\/#\\\/schema\\\/logo\\\/image\\\/\",\"url\":\"https:\\\/\\\/consulting-metz.com\\\/wp-content\\\/uploads\\\/2017\\\/01\\\/Counsulting-SemiBold-Gradient-128.png\",\"contentUrl\":\"https:\\\/\\\/consulting-metz.com\\\/wp-content\\\/uploads\\\/2017\\\/01\\\/Counsulting-SemiBold-Gradient-128.png\",\"width\":3333,\"height\":2083,\"caption\":\"Unternehmensberatung Metz\"},\"image\":{\"@id\":\"https:\\\/\\\/consulting-metz.com\\\/de\\\/#\\\/schema\\\/logo\\\/image\\\/\"},\"sameAs\":[\"https:\\\/\\\/www.linkedin.com\\\/in\\\/dieter-metz-660667130\"]}]}<\/script>\n<!-- \/ Yoast SEO plugin. -->","yoast_head_json":{"title":"Projektmanagement - Unternehmensberatung Metz","robots":{"index":"index","follow":"follow","max-snippet":"max-snippet:-1","max-image-preview":"max-image-preview:large","max-video-preview":"max-video-preview:-1"},"canonical":"https:\/\/consulting-metz.com\/de\/projektmanagement\/","og_locale":"de_DE","og_type":"article","og_title":"Projektmanagement - Unternehmensberatung Metz","og_description":"[vc_row][vc_column][vc_custom_heading text=&#8220;Meine Vorgehensweise beim&#8220; font_container=&#8220;tag:h6|font_size:18px|text_align:left|color:%23a3a9c8&#8243; use_theme_fonts=&#8220;yes&#8220; css=&#8220;.vc_custom_1548677879245{margin-top: 25px !important;margin-bottom: 0px !important;}&#8220;][vc_custom_heading text=&#8220;Projektmanagement&#8220; font_container=&#8220;tag:h2|font_size:42px|text_align:left|line_height:1.2&#8243; use_theme_fonts=&#8220;yes&#8220;][vc_custom_heading text=&#8220;Ihr kompetenter Partner&#8220; font_container=&#8220;tag:h5|font_size:21px|text_align:left|color:%230f0f10&#8243; use_theme_fonts=&#8220;yes&#8220; css=&#8220;.vc_custom_1475421988110{margin-bottom: 25px !important;}&#8220;][vc_column_text] Gescheiterte oder aufgegebene Projekte haben fatale Folgen f\u00fcr ein Unternehmen. Nicht nur die eingesetzten Mittel sind verloren, auch die Kunden und Mitarbeiter verlieren den Glauben an die Leistungsf\u00e4higkeit des Unternehmens und es entstehen [&hellip;]","og_url":"https:\/\/consulting-metz.com\/de\/projektmanagement\/","og_site_name":"Unternehmensberatung Metz","article_modified_time":"2019-01-28T12:22:20+00:00","twitter_card":"summary_large_image","twitter_misc":{"Gesch\u00e4tzte Lesezeit":"2\u00a0Minuten"},"schema":{"@context":"https:\/\/schema.org","@graph":[{"@type":"WebPage","@id":"https:\/\/consulting-metz.com\/de\/projektmanagement\/","url":"https:\/\/consulting-metz.com\/de\/projektmanagement\/","name":"Projektmanagement - Unternehmensberatung Metz","isPartOf":{"@id":"https:\/\/consulting-metz.com\/de\/#website"},"datePublished":"2016-10-02T15:26:19+00:00","dateModified":"2019-01-28T12:22:20+00:00","breadcrumb":{"@id":"https:\/\/consulting-metz.com\/de\/projektmanagement\/#breadcrumb"},"inLanguage":"de","potentialAction":[{"@type":"ReadAction","target":["https:\/\/consulting-metz.com\/de\/projektmanagement\/"]}]},{"@type":"BreadcrumbList","@id":"https:\/\/consulting-metz.com\/de\/projektmanagement\/#breadcrumb","itemListElement":[{"@type":"ListItem","position":1,"name":"Home","item":"https:\/\/consulting-metz.com\/de\/"},{"@type":"ListItem","position":2,"name":"Projektmanagement"}]},{"@type":"WebSite","@id":"https:\/\/consulting-metz.com\/de\/#website","url":"https:\/\/consulting-metz.com\/de\/","name":"Unternehmensberatung Metz","description":"Ihre SAP Beratung","publisher":{"@id":"https:\/\/consulting-metz.com\/de\/#organization"},"potentialAction":[{"@type":"SearchAction","target":{"@type":"EntryPoint","urlTemplate":"https:\/\/consulting-metz.com\/de\/?s={search_term_string}"},"query-input":{"@type":"PropertyValueSpecification","valueRequired":true,"valueName":"search_term_string"}}],"inLanguage":"de"},{"@type":"Organization","@id":"https:\/\/consulting-metz.com\/de\/#organization","name":"Unternehmensberatung Metz","url":"https:\/\/consulting-metz.com\/de\/","logo":{"@type":"ImageObject","inLanguage":"de","@id":"https:\/\/consulting-metz.com\/de\/#\/schema\/logo\/image\/","url":"https:\/\/consulting-metz.com\/wp-content\/uploads\/2017\/01\/Counsulting-SemiBold-Gradient-128.png","contentUrl":"https:\/\/consulting-metz.com\/wp-content\/uploads\/2017\/01\/Counsulting-SemiBold-Gradient-128.png","width":3333,"height":2083,"caption":"Unternehmensberatung Metz"},"image":{"@id":"https:\/\/consulting-metz.com\/de\/#\/schema\/logo\/image\/"},"sameAs":["https:\/\/www.linkedin.com\/in\/dieter-metz-660667130"]}]}},"_links":{"self":[{"href":"https:\/\/consulting-metz.com\/de\/wp-json\/wp\/v2\/pages\/237","targetHints":{"allow":["GET"]}}],"collection":[{"href":"https:\/\/consulting-metz.com\/de\/wp-json\/wp\/v2\/pages"}],"about":[{"href":"https:\/\/consulting-metz.com\/de\/wp-json\/wp\/v2\/types\/page"}],"author":[{"embeddable":true,"href":"https:\/\/consulting-metz.com\/de\/wp-json\/wp\/v2\/users\/1"}],"replies":[{"embeddable":true,"href":"https:\/\/consulting-metz.com\/de\/wp-json\/wp\/v2\/comments?post=237"}],"version-history":[{"count":12,"href":"https:\/\/consulting-metz.com\/de\/wp-json\/wp\/v2\/pages\/237\/revisions"}],"predecessor-version":[{"id":1329,"href":"https:\/\/consulting-metz.com\/de\/wp-json\/wp\/v2\/pages\/237\/revisions\/1329"}],"wp:attachment":[{"href":"https:\/\/consulting-metz.com\/de\/wp-json\/wp\/v2\/media?parent=237"}],"curies":[{"name":"wp","href":"https:\/\/api.w.org\/{rel}","templated":true}]}}